{"id":22,"date":"2024-10-11T20:48:36","date_gmt":"2024-10-11T20:48:36","guid":{"rendered":"https:\/\/marions-kleintierservice.de\/?page_id=22"},"modified":"2025-03-02T18:45:49","modified_gmt":"2025-03-02T18:45:49","slug":"werdegang","status":"publish","type":"page","link":"https:\/\/marions-kleintierservice.de\/","title":{"rendered":"Ein halbes Jahrhundert mit Tieren"},"content":{"rendered":"\n<p>Mein Name ist Marion Minde ich bin gelernte Tierpflegerin und seit 30 Jahren im Beruf.<\/p>\n\n\n\n<p><\/p>\n\n\n\n<h3 class=\"wp-block-heading\"><strong>Mein Werdegang von Quappe an<\/strong>:<\/h3>\n\n\n\n<p>Ich bin in einer tierlieben Familie aufgewachsen. Mein Vater ist seit ich denken kann <strong>Aquarianer<\/strong> mit Leib und Seele und ich habe schon als Kind mitgeholfen Jungfische aufzuziehen. <br>Sp\u00e4ter erweiterte sich mein Aufgabengebiet. Wir haben Kaulquappen gro\u00dfgezogen und ausgewildert (heute nicht mehr erlaubt), und ich lernte Verantwortung f\u00fcr meine <strong>Zwergkaninchen<\/strong> zu \u00fcbernehmen.<br><br>Kaum zuhause ausgeflogen, machte ich meine Fachhochschulreife im Bereich Gesundheit und Ern\u00e4hrung. Nebenbei jobbte ich in einem Zoofachgesch\u00e4ft mit Schwerpunkt <strong>Zierv\u00f6gel<\/strong>.<br>Hier lernte ich alles \u00fcber den Umgang mit V\u00f6geln von \u201eA\u201c wie Aras und Amadinen \u00fcber M\u00f6vchen bis \u201eZ\u201c wie Zebrafinken.<br><br>Einige Jahre habe ich dann im <strong>Aquarium Timmendorfer Strand <\/strong>im Vorg\u00e4nger des Sealife erste Erfahrungen mit Seewasser gesammelt.<br><br>Lange Zeit habe ich dann im <strong>Tropenhaus Marxsen<\/strong> mit allen Arten von <strong>Reptilien, Amphibien, Spinnen, Gliedertieren <\/strong>und exotischen <strong>Kleins\u00e4ugern<\/strong> gearbeitet.<br><br>Meine Pr\u00fcfung zur <strong>Zootierpflegerin<\/strong> habe ich <strong>2006<\/strong> an der Berufsschule in Neum\u00fcnster abgelegt.<br><br>Von <strong>2007 bis 2013<\/strong> habe ich dann im <strong>Tropen-Aquarium Hagenbeck<\/strong> gearbeitet, bis mich die Wanderlust \u00fcberkam und ich ins <strong>Klimahaus Bremerhaven<\/strong> wechselte. Dort habe ich mich dann unter fachkundiger Anleitung in die <strong>Meerwasseraquaristik<\/strong> eingearbeitet.<br><br>Aus pers\u00f6nlichen Gr\u00fcnden bin ich zur\u00fcck nach Hamburg gekommen, habe meine Kenntnisse um Hunde und Katzennahrung (im <strong>Futterhaus<\/strong>) erweitert.<br>Trotzdem hatte ich das Gef\u00fchl, meine Bestimmung noch nicht erreicht zu haben.<br><br>Also habe ich im <strong>Hamburger Tierschutzverein<\/strong> angefangen. Voraussetzung f\u00fcr einen Festvertrag ist ein Durchlaufen aller Stationen. Auch die mit den gro\u00dfen oder in Hamburg ge\u00e4chteten Hunden.<br>Erfahrungen mit Stubentigern hatte ich schon durch meine beiden Trollkater. Im <strong>Tierheim<\/strong> habe ich dann viel \u00fcber den Umgang auch mit <strong>schwierigen Hunden<\/strong> gelernt. Sehr viel verdanke ich da auch meiner Freundin Eileen, die berufliche Dogwalkerin ist, und die ich 6 Monate lang bei ihren Touren begleiten durfte.<br><br>Alles in allem habe ich also inzwischen ein <strong>halbes Jahrhundert<\/strong> nicht nur mit Tieren gelebt, und gewohnt, sondern meine Liebe zum Beruf gemacht.<br><br>Ich kann also f\u00fcr Leib und Seele Ihrer Tiere mit Herz und fundierter Ausbildung sorgen.<br>Ich liebe sie alle, egal wieviel F\u00fc\u00dfe sie haben!<br><\/p>\n","protected":false},"excerpt":{"rendered":"<p>Mein Name ist Marion Minde ich bin gelernte Tierpflegerin und seit 30 Jahren im Beruf. Mein Werdegang von Quappe an: Ich bin in einer tierlieben Familie aufgewachsen. Mein Vater ist seit ich denken kann Aquarianer mit Leib und Seele und ich habe schon als Kind mitgeholfen Jungfische aufzuziehen. Sp\u00e4ter erweiterte sich mein Aufgabengebiet. Wir haben&#8230;<\/p>\n","protected":false},"author":1,"featured_media":0,"parent":0,"menu_order":0,"comment_status":"closed","ping_status":"closed","template":"","meta":{"saved_in_kubio":false,"footnotes":""},"class_list":["post-22","page","type-page","status-publish","hentry"],"kubio_ai_page_context":{"short_desc":"","purpose":"general"},"_links":{"self":[{"href":"https:\/\/marions-kleintierservice.de\/index.php?rest_route=\/wp\/v2\/pages\/22","targetHints":{"allow":["GET"]}}],"collection":[{"href":"https:\/\/marions-kleintierservice.de\/index.php?rest_route=\/wp\/v2\/pages"}],"about":[{"href":"https:\/\/marions-kleintierservice.de\/index.php?rest_route=\/wp\/v2\/types\/page"}],"author":[{"embeddable":true,"href":"https:\/\/marions-kleintierservice.de\/index.php?rest_route=\/wp\/v2\/users\/1"}],"replies":[{"embeddable":true,"href":"https:\/\/marions-kleintierservice.de\/index.php?rest_route=%2Fwp%2Fv2%2Fcomments&post=22"}],"version-history":[{"count":5,"href":"https:\/\/marions-kleintierservice.de\/index.php?rest_route=\/wp\/v2\/pages\/22\/revisions"}],"predecessor-version":[{"id":246,"href":"https:\/\/marions-kleintierservice.de\/index.php?rest_route=\/wp\/v2\/pages\/22\/revisions\/246"}],"wp:attachment":[{"href":"https:\/\/marions-kleintierservice.de\/index.php?rest_route=%2Fwp%2Fv2%2Fmedia&parent=22"}],"curies":[{"name":"wp","href":"https:\/\/api.w.org\/{rel}","templated":true}]}}